{"id":2647,"date":"2020-01-14T14:52:54","date_gmt":"2020-01-14T19:52:54","guid":{"rendered":"https:\/\/www.aycsolutions.com\/underground-mining-equipment\/"},"modified":"2020-03-30T11:38:16","modified_gmt":"2020-03-30T16:38:16","slug":"underground-mining-equipment","status":"publish","type":"page","link":"https:\/\/www.aycsolutions.com\/en\/underground-mining-equipment\/","title":{"rendered":"Underground Mining Equipment"},"content":{"rendered":"<p><div class=\"fusion-fullwidth fullwidth-box fusion-builder-row-1 nonhundred-percent-fullwidth non-hundred-percent-height-scrolling\" style=\"--awb-border-radius-top-left:0px;--awb-border-radius-top-right:0px;--awb-border-radius-bottom-right:0px;--awb-border-radius-bottom-left:0px;--awb-flex-wrap:wrap;\" ><div class=\"fusion-builder-row fusion-row\"><div class=\"fusion-layout-column fusion_builder_column fusion-builder-column-0 fusion_builder_column_1_1 1_1 fusion-one-full fusion-column-first fusion-column-last\" style=\"--awb-bg-size:cover;\"><div class=\"fusion-column-wrapper fusion-column-has-shadow fusion-flex-column-wrapper-legacy\"><div class=\"fusion-text fusion-text-1\"><p>We offer specialized machinery in underground mining and excavation equipment. Our products are created with the latest technology and are in a constant process of updating and research, the best materials are used for their manufacture, providing security to our customers.<\/p>\n<p>With our after sales and advisory service, you will be accompanied by our specialized technical engineers for the maintenance of machinery and equipment, diagnosis and preventive reviews.<\/p>\n<\/div><div class=\"fusion-clearfix\"><\/div><\/div><\/div><\/div><\/div><div class=\"fusion-fullwidth fullwidth-box fusion-builder-row-2 nonhundred-percent-fullwidth non-hundred-percent-height-scrolling\" style=\"--awb-border-radius-top-left:0px;--awb-border-radius-top-right:0px;--awb-border-radius-bottom-right:0px;--awb-border-radius-bottom-left:0px;--awb-flex-wrap:wrap;\" ><div class=\"fusion-builder-row fusion-row\"><div class=\"fusion-layout-column fusion_builder_column fusion-builder-column-1 fusion_builder_column_1_1 1_1 fusion-one-full fusion-column-first fusion-column-last\" style=\"--awb-bg-size:cover;\"><div class=\"fusion-column-wrapper fusion-column-has-shadow fusion-flex-column-wrapper-legacy\"><div class=\"fusion-text fusion-text-2\"><h2 style=\"text-align: center;\">Featured equipment for underground mining<\/h2>\n<\/div><div class=\"fusion-clearfix\"><\/div><\/div><\/div><\/div><\/div><div class=\"fusion-fullwidth fullwidth-box fusion-builder-row-3 nonhundred-percent-fullwidth non-hundred-percent-height-scrolling\" style=\"--awb-border-radius-top-left:0px;--awb-border-radius-top-right:0px;--awb-border-radius-bottom-right:0px;--awb-border-radius-bottom-left:0px;--awb-flex-wrap:wrap;\" ><div class=\"fusion-builder-row fusion-row\"><div class=\"fusion-layout-column fusion_builder_column fusion-builder-column-2 fusion_builder_column_1_1 1_1 fusion-one-full fusion-column-first fusion-column-last\" style=\"--awb-bg-size:cover;\"><div class=\"fusion-column-wrapper fusion-column-has-shadow fusion-flex-column-wrapper-legacy\"><div class=\"fusion-tabs fusion-tabs-1 clean vertical-tabs icon-position-left mobile-mode-accordion\" style=\"--awb-title-border-radius-top-left:0px;--awb-title-border-radius-top-right:0px;--awb-title-border-radius-bottom-right:0px;--awb-title-border-radius-bottom-left:0px;--awb-inactive-color:#f5f5f5;--awb-background-color:#fed03d;--awb-border-color:#f5f5f5;--awb-active-border-color:#fed900;\"><div class=\"nav\"><ul class=\"nav-tabs\" role=\"tablist\"><li class=\"active\" role=\"presentation\"><a class=\"tab-link\" data-toggle=\"tab\" role=\"tab\" aria-controls=\"tab-23a6ca57f3bf165c062\" aria-selected=\"true\" id=\"fusion-tab-lowprofilechargers\" href=\"#tab-23a6ca57f3bf165c062\"><h4 class=\"fusion-tab-heading\">Low profile chargers<\/h4><\/a><\/li><li role=\"presentation\"><a class=\"tab-link\" data-toggle=\"tab\" role=\"tab\" aria-controls=\"tab-5a28cf0f43c6dd712a8\" aria-selected=\"false\" tabindex=\"-1\" id=\"fusion-tab-jumbos\" href=\"#tab-5a28cf0f43c6dd712a8\"><h4 class=\"fusion-tab-heading\">Jumbos<\/h4><\/a><\/li><li role=\"presentation\"><a class=\"tab-link\" data-toggle=\"tab\" role=\"tab\" aria-controls=\"tab-6b4d64a1286408e8218\" aria-selected=\"false\" tabindex=\"-1\" id=\"fusion-tab-laggers\" href=\"#tab-6b4d64a1286408e8218\"><h4 class=\"fusion-tab-heading\">Laggers<\/h4><\/a><\/li><\/ul><\/div><div class=\"tab-content\"><div class=\"nav fusion-mobile-tab-nav\"><ul class=\"nav-tabs\" role=\"tablist\"><li class=\"active\" role=\"presentation\"><a class=\"tab-link\" data-toggle=\"tab\" role=\"tab\" aria-controls=\"tab-23a6ca57f3bf165c062\" aria-selected=\"true\" id=\"mobile-fusion-tab-lowprofilechargers\" href=\"#tab-23a6ca57f3bf165c062\"><h4 class=\"fusion-tab-heading\">Low profile chargers<\/h4><\/a><\/li><\/ul><\/div><div class=\"tab-pane fade fusion-clearfix in active\" role=\"tabpanel\" tabindex=\"0\" aria-labelledby=\"fusion-tab-lowprofilechargers\" id=\"tab-23a6ca57f3bf165c062\">\n<p><img decoding=\"async\" class=\"size-full wp-image-2215 alignleft\" src=\"https:\/\/www.aycsolutions.com\/wp-content\/uploads\/2019\/12\/cargadores-de-bajo-perfil.jpg\" alt=\"cargadores bajo perfil\" width=\"377\" height=\"348\" srcset=\"https:\/\/www.aycsolutions.com\/wp-content\/uploads\/2019\/12\/cargadores-de-bajo-perfil-200x185.jpg 200w, https:\/\/www.aycsolutions.com\/wp-content\/uploads\/2019\/12\/cargadores-de-bajo-perfil-300x277.jpg 300w, https:\/\/www.aycsolutions.com\/wp-content\/uploads\/2019\/12\/cargadores-de-bajo-perfil.jpg 377w\" sizes=\"(max-width: 377px) 100vw, 377px\" \/><\/p>\n<ul>\n<li><span style=\"font-weight: 400;\">Suitable for working in poor conditions, narrow, small spaces and covered with mud.<\/span><\/li>\n<li><span style=\"font-weight: 400;\">This machine adapts to energy changes by its gearbox, which ensures easy and flexible operation.<\/span><\/li>\n<li><span style=\"font-weight: 400;\">The long cylinders of this machine provide speed in the cycle.<\/span><\/li>\n<li><span style=\"font-weight: 400;\">The wagons are designed for optimum load capacity and long life.<\/span><\/li>\n<\/ul>\n<\/div><div class=\"nav fusion-mobile-tab-nav\"><ul class=\"nav-tabs\" role=\"tablist\"><li role=\"presentation\"><a class=\"tab-link\" data-toggle=\"tab\" role=\"tab\" aria-controls=\"tab-5a28cf0f43c6dd712a8\" aria-selected=\"false\" tabindex=\"-1\" id=\"mobile-fusion-tab-jumbos\" href=\"#tab-5a28cf0f43c6dd712a8\"><h4 class=\"fusion-tab-heading\">Jumbos<\/h4><\/a><\/li><\/ul><\/div><div class=\"tab-pane fade fusion-clearfix\" role=\"tabpanel\" tabindex=\"0\" aria-labelledby=\"fusion-tab-jumbos\" id=\"tab-5a28cf0f43c6dd712a8\">\n<p><img decoding=\"async\" class=\"size-full wp-image-2216 alignleft\" src=\"https:\/\/www.aycsolutions.com\/wp-content\/uploads\/2019\/12\/JUMBO.jpg\" alt=\"\" width=\"377\" height=\"348\" srcset=\"https:\/\/www.aycsolutions.com\/wp-content\/uploads\/2019\/12\/JUMBO-200x185.jpg 200w, https:\/\/www.aycsolutions.com\/wp-content\/uploads\/2019\/12\/JUMBO-300x277.jpg 300w, https:\/\/www.aycsolutions.com\/wp-content\/uploads\/2019\/12\/JUMBO.jpg 377w\" sizes=\"(max-width: 377px) 100vw, 377px\" \/><\/p>\n<ul>\n<li style=\"font-weight: 400;\"><span style=\"font-weight: 400;\">Es utilizado principalmente en miner\u00eda, metalurgia y otros tipos de tunelaci\u00f3n, ingenier\u00eda de alcantarillas de t\u00faneles.&nbsp;<\/span><\/li>\n<li style=\"font-weight: 400;\"><span style=\"font-weight: 400;\">Con sistema hidr\u00e1ulico avanzado la m\u00e1quina se para autom\u00e1ticamente y tiene un aparato anti &#8211; sujeci\u00f3n con operaci\u00f3n conveniente, seguro y fiable.&nbsp;&nbsp;<\/span><\/li>\n<li style=\"font-weight: 400;\"><span style=\"font-weight: 400;\">Es la m\u00e1quina subterr\u00e1nea ideal para proyectos de perforaci\u00f3n de piedra.<\/span><\/li>\n<li style=\"font-weight: 400;\"><span style=\"font-weight: 400;\">Puede ser usada en peque\u00f1as secciones de los t\u00faneles 2 x 2 m m\u00ednimo como en grandes secciones de t\u00faneles de 7.5 x 8 m m\u00e1ximo.<\/span><\/li>\n<\/ul>\n<\/div><div class=\"nav fusion-mobile-tab-nav\"><ul class=\"nav-tabs\" role=\"tablist\"><li role=\"presentation\"><a class=\"tab-link\" data-toggle=\"tab\" role=\"tab\" aria-controls=\"tab-6b4d64a1286408e8218\" aria-selected=\"false\" tabindex=\"-1\" id=\"mobile-fusion-tab-laggers\" href=\"#tab-6b4d64a1286408e8218\"><h4 class=\"fusion-tab-heading\">Laggers<\/h4><\/a><\/li><\/ul><\/div><div class=\"tab-pane fade fusion-clearfix\" role=\"tabpanel\" tabindex=\"0\" aria-labelledby=\"fusion-tab-laggers\" id=\"tab-6b4d64a1286408e8218\">\n<p><img decoding=\"async\" class=\"size-full wp-image-2217 alignleft\" src=\"https:\/\/www.aycsolutions.com\/wp-content\/uploads\/2019\/12\/rezagadoras.jpg\" alt=\"\" width=\"377\" height=\"348\" srcset=\"https:\/\/www.aycsolutions.com\/wp-content\/uploads\/2019\/12\/rezagadoras-200x185.jpg 200w, https:\/\/www.aycsolutions.com\/wp-content\/uploads\/2019\/12\/rezagadoras-300x277.jpg 300w, https:\/\/www.aycsolutions.com\/wp-content\/uploads\/2019\/12\/rezagadoras.jpg 377w\" sizes=\"(max-width: 377px) 100vw, 377px\" \/><\/p>\n<ul>\n<li style=\"font-weight: 400;\">This machine has 5 functions: hydraulic transmission, excavation and collection, transport, loading and cleaning.<\/li>\n<li style=\"font-weight: 400;\">The hydraulic transmission works under the operation of a hydraulic motor, reduction gear, transmission shaft and reduction box.<\/li>\n<li style=\"font-weight: 400;\">This machine protects the environment, has low consumption and high efficiency.<\/li>\n<li style=\"font-weight: 400;\">Easy operation<\/li>\n<\/ul>\n<\/div><\/div><\/div><div class=\"fusion-clearfix\"><\/div><\/div><\/div><\/div><\/div><div class=\"fusion-fullwidth fullwidth-box fusion-builder-row-4 nonhundred-percent-fullwidth non-hundred-percent-height-scrolling\" style=\"--awb-border-radius-top-left:0px;--awb-border-radius-top-right:0px;--awb-border-radius-bottom-right:0px;--awb-border-radius-bottom-left:0px;--awb-flex-wrap:wrap;\" ><div class=\"fusion-builder-row fusion-row\"><div class=\"fusion-layout-column fusion_builder_column fusion-builder-column-3 fusion_builder_column_1_1 1_1 fusion-one-full fusion-column-first fusion-column-last\" style=\"--awb-bg-size:cover;\"><div class=\"fusion-column-wrapper fusion-column-has-shadow fusion-flex-column-wrapper-legacy\"><div class=\"fusion-text fusion-text-3\"><h3>Our partner in underground mining<\/h3>\n<p>For underground mining we work hand in hand with <strong>SITON<\/strong>, which is a company founded in 1992, its main production are full-range tunnel machines: haggloader loader, jumbo driller, underground LHD, dumping truck, mining wagons.<\/p>\n<h3>Certifications<\/h3>\n<p>CNAS, Siton Machinery ISO certificate, Safety of approval for mining prodcuts, production certificate and patent letters.<\/p>\n<\/div><div class=\"fusion-clearfix\"><\/div><\/div><\/div><\/div><\/div><div class=\"fusion-fullwidth fullwidth-box fusion-builder-row-5 nonhundred-percent-fullwidth non-hundred-percent-height-scrolling\" style=\"--awb-border-radius-top-left:0px;--awb-border-radius-top-right:0px;--awb-border-radius-bottom-right:0px;--awb-border-radius-bottom-left:0px;--awb-padding-top:40px;--awb-padding-bottom:30px;--awb-background-color:#fed03d;--awb-flex-wrap:wrap;\" ><div class=\"fusion-builder-row fusion-row\"><div class=\"fusion-layout-column fusion_builder_column fusion-builder-column-4 fusion_builder_column_1_1 1_1 fusion-one-full fusion-column-first fusion-column-last\" style=\"--awb-bg-size:cover;\"><div class=\"fusion-column-wrapper fusion-column-has-shadow fusion-flex-column-wrapper-legacy\"><div class=\"fusion-text fusion-text-4\"><h3 style=\"text-align: center;\">Do you want additional information?<\/h3>\n<\/div><div class=\"fusion-clearfix\"><\/div><\/div><\/div><\/div><\/div><div class=\"fusion-fullwidth fullwidth-box fusion-builder-row-6 nonhundred-percent-fullwidth non-hundred-percent-height-scrolling\" style=\"--awb-background-position:left top;--awb-border-radius-top-left:0px;--awb-border-radius-top-right:0px;--awb-border-radius-bottom-right:0px;--awb-border-radius-bottom-left:0px;--awb-padding-top:0px;--awb-padding-bottom:20px;--awb-background-color:#ffffff;--awb-border-sizes-top:0px;--awb-border-sizes-bottom:0px;--awb-flex-wrap:wrap;\" ><div class=\"fusion-builder-row fusion-row\"><div class=\"fusion-layout-column fusion_builder_column fusion-builder-column-5 fusion_builder_column_1_1 1_1 fusion-one-full fusion-column-first fusion-column-last\" style=\"--awb-bg-size:cover;--awb-margin-top:-22px;\"><div class=\"fusion-column-wrapper fusion-flex-column-wrapper-legacy\"><div class=\"fusion-aligncenter\"><a class=\"fusion-button button-flat fusion-button-default-size button-custom fusion-button-default button-1 fusion-button-default-span fusion-button-default-type\" style=\"--button_accent_color:#ffffff;--button_border_color:#ffffff;--button_accent_hover_color:#333333;--button_border_hover_color:#333333;--button_border_width-top:2px;--button_border_width-right:2px;--button_border_width-bottom:2px;--button_border_width-left:2px;--button_gradient_top_color:#333333;--button_gradient_bottom_color:#333333;--button_gradient_top_color_hover:#ffffff;--button_gradient_bottom_color_hover:#ffffff;\" target=\"_self\" href=\"https:\/\/www.aycsolutions.com\/en\/contact-us\/\"><span class=\"fusion-button-text\">CONTACT US<\/span><\/a><\/div><div class=\"fusion-clearfix\"><\/div><\/div><\/div><\/div><\/div><\/p>\n","protected":false},"excerpt":{"rendered":"","protected":false},"author":1,"featured_media":0,"parent":0,"menu_order":0,"comment_status":"closed","ping_status":"closed","template":"100-width.php","meta":{"_coblocks_attr":"","_coblocks_dimensions":"","_coblocks_responsive_height":"","_coblocks_accordion_ie_support":"","footnotes":""},"class_list":["post-2647","page","type-page","status-publish","hentry"],"yoast_head":"<!-- This site is optimized with the Yoast SEO plugin v24.8.1 - https:\/\/yoast.com\/wordpress\/plugins\/seo\/ -->\n<title>Underground mining equipment | AYC Solutions Mining<\/title>\n<meta name=\"description\" content=\"At AYC Solutions we offer specialized machinery and equipment for underground mining and excavation, with high quality standards.\" \/>\n<meta name=\"robots\" content=\"index, follow, max-snippet:-1, max-image-preview:large, max-video-preview:-1\" \/>\n<link rel=\"canonical\" href=\"https:\/\/www.aycsolutions.com\/en\/underground-mining-equipment\/\" \/>\n<meta property=\"og:locale\" content=\"en_US\" \/>\n<meta property=\"og:type\" content=\"article\" \/>\n<meta property=\"og:title\" content=\"Underground mining equipment | AYC Solutions Mining\" \/>\n<meta property=\"og:description\" content=\"At AYC Solutions we offer specialized machinery and equipment for underground mining and excavation, with high quality standards.\" \/>\n<meta property=\"og:url\" content=\"https:\/\/www.aycsolutions.com\/en\/underground-mining-equipment\/\" \/>\n<meta property=\"og:site_name\" content=\"AYC Solutions\" \/>\n<meta property=\"article:modified_time\" content=\"2020-03-30T16:38:16+00:00\" \/>\n<meta property=\"og:image\" content=\"https:\/\/www.aycsolutions.com\/wp-content\/uploads\/2019\/12\/cargadores-de-bajo-perfil.jpg\" \/>\n<meta name=\"twitter:card\" content=\"summary_large_image\" \/>\n<meta name=\"twitter:label1\" content=\"Est. reading time\" \/>\n\t<meta name=\"twitter:data1\" content=\"12 minutes\" \/>\n<script type=\"application\/ld+json\" class=\"yoast-schema-graph\">{\"@context\":\"https:\/\/schema.org\",\"@graph\":[{\"@type\":\"WebPage\",\"@id\":\"https:\/\/www.aycsolutions.com\/en\/underground-mining-equipment\/\",\"url\":\"https:\/\/www.aycsolutions.com\/en\/underground-mining-equipment\/\",\"name\":\"Underground mining equipment | AYC Solutions Mining\",\"isPartOf\":{\"@id\":\"https:\/\/www.aycsolutions.com\/en\/#website\"},\"primaryImageOfPage\":{\"@id\":\"https:\/\/www.aycsolutions.com\/en\/underground-mining-equipment\/#primaryimage\"},\"image\":{\"@id\":\"https:\/\/www.aycsolutions.com\/en\/underground-mining-equipment\/#primaryimage\"},\"thumbnailUrl\":\"https:\/\/www.aycsolutions.com\/wp-content\/uploads\/2019\/12\/cargadores-de-bajo-perfil.jpg\",\"datePublished\":\"2020-01-14T19:52:54+00:00\",\"dateModified\":\"2020-03-30T16:38:16+00:00\",\"description\":\"At AYC Solutions we offer specialized machinery and equipment for underground mining and excavation, with high quality standards.\",\"breadcrumb\":{\"@id\":\"https:\/\/www.aycsolutions.com\/en\/underground-mining-equipment\/#breadcrumb\"},\"inLanguage\":\"en-US\",\"potentialAction\":[{\"@type\":\"ReadAction\",\"target\":[\"https:\/\/www.aycsolutions.com\/en\/underground-mining-equipment\/\"]}]},{\"@type\":\"ImageObject\",\"inLanguage\":\"en-US\",\"@id\":\"https:\/\/www.aycsolutions.com\/en\/underground-mining-equipment\/#primaryimage\",\"url\":\"https:\/\/www.aycsolutions.com\/wp-content\/uploads\/2019\/12\/cargadores-de-bajo-perfil.jpg\",\"contentUrl\":\"https:\/\/www.aycsolutions.com\/wp-content\/uploads\/2019\/12\/cargadores-de-bajo-perfil.jpg\"},{\"@type\":\"BreadcrumbList\",\"@id\":\"https:\/\/www.aycsolutions.com\/en\/underground-mining-equipment\/#breadcrumb\",\"itemListElement\":[{\"@type\":\"ListItem\",\"position\":1,\"name\":\"Home\",\"item\":\"https:\/\/www.aycsolutions.com\/en\/\"},{\"@type\":\"ListItem\",\"position\":2,\"name\":\"Underground Mining Equipment\"}]},{\"@type\":\"WebSite\",\"@id\":\"https:\/\/www.aycsolutions.com\/en\/#website\",\"url\":\"https:\/\/www.aycsolutions.com\/en\/\",\"name\":\"AYC Solutions\",\"description\":\"Siempre entendiendo las necesidades espec&iacute;ficas de los clientes\",\"publisher\":{\"@id\":\"https:\/\/www.aycsolutions.com\/en\/#organization\"},\"potentialAction\":[{\"@type\":\"SearchAction\",\"target\":{\"@type\":\"EntryPoint\",\"urlTemplate\":\"https:\/\/www.aycsolutions.com\/en\/?s={search_term_string}\"},\"query-input\":{\"@type\":\"PropertyValueSpecification\",\"valueRequired\":true,\"valueName\":\"search_term_string\"}}],\"inLanguage\":\"en-US\"},{\"@type\":\"Organization\",\"@id\":\"https:\/\/www.aycsolutions.com\/en\/#organization\",\"name\":\"AYC Solutions\",\"url\":\"https:\/\/www.aycsolutions.com\/en\/\",\"logo\":{\"@type\":\"ImageObject\",\"inLanguage\":\"en-US\",\"@id\":\"https:\/\/www.aycsolutions.com\/en\/#\/schema\/logo\/image\/\",\"url\":\"https:\/\/www.aycsolutions.com\/wp-content\/uploads\/2019\/11\/LOGO.png\",\"contentUrl\":\"https:\/\/www.aycsolutions.com\/wp-content\/uploads\/2019\/11\/LOGO.png\",\"width\":1332,\"height\":1332,\"caption\":\"AYC Solutions\"},\"image\":{\"@id\":\"https:\/\/www.aycsolutions.com\/en\/#\/schema\/logo\/image\/\"},\"sameAs\":[\"https:\/\/www.linkedin.com\/company\/ayc-solutions\"]}]}<\/script>\n<!-- \/ Yoast SEO plugin. -->","yoast_head_json":{"title":"Underground mining equipment | AYC Solutions Mining","description":"At AYC Solutions we offer specialized machinery and equipment for underground mining and excavation, with high quality standards.","robots":{"index":"index","follow":"follow","max-snippet":"max-snippet:-1","max-image-preview":"max-image-preview:large","max-video-preview":"max-video-preview:-1"},"canonical":"https:\/\/www.aycsolutions.com\/en\/underground-mining-equipment\/","og_locale":"en_US","og_type":"article","og_title":"Underground mining equipment | AYC Solutions Mining","og_description":"At AYC Solutions we offer specialized machinery and equipment for underground mining and excavation, with high quality standards.","og_url":"https:\/\/www.aycsolutions.com\/en\/underground-mining-equipment\/","og_site_name":"AYC Solutions","article_modified_time":"2020-03-30T16:38:16+00:00","og_image":[{"url":"https:\/\/www.aycsolutions.com\/wp-content\/uploads\/2019\/12\/cargadores-de-bajo-perfil.jpg","type":"","width":"","height":""}],"twitter_card":"summary_large_image","twitter_misc":{"Est. reading time":"12 minutes"},"schema":{"@context":"https:\/\/schema.org","@graph":[{"@type":"WebPage","@id":"https:\/\/www.aycsolutions.com\/en\/underground-mining-equipment\/","url":"https:\/\/www.aycsolutions.com\/en\/underground-mining-equipment\/","name":"Underground mining equipment | AYC Solutions Mining","isPartOf":{"@id":"https:\/\/www.aycsolutions.com\/en\/#website"},"primaryImageOfPage":{"@id":"https:\/\/www.aycsolutions.com\/en\/underground-mining-equipment\/#primaryimage"},"image":{"@id":"https:\/\/www.aycsolutions.com\/en\/underground-mining-equipment\/#primaryimage"},"thumbnailUrl":"https:\/\/www.aycsolutions.com\/wp-content\/uploads\/2019\/12\/cargadores-de-bajo-perfil.jpg","datePublished":"2020-01-14T19:52:54+00:00","dateModified":"2020-03-30T16:38:16+00:00","description":"At AYC Solutions we offer specialized machinery and equipment for underground mining and excavation, with high quality standards.","breadcrumb":{"@id":"https:\/\/www.aycsolutions.com\/en\/underground-mining-equipment\/#breadcrumb"},"inLanguage":"en-US","potentialAction":[{"@type":"ReadAction","target":["https:\/\/www.aycsolutions.com\/en\/underground-mining-equipment\/"]}]},{"@type":"ImageObject","inLanguage":"en-US","@id":"https:\/\/www.aycsolutions.com\/en\/underground-mining-equipment\/#primaryimage","url":"https:\/\/www.aycsolutions.com\/wp-content\/uploads\/2019\/12\/cargadores-de-bajo-perfil.jpg","contentUrl":"https:\/\/www.aycsolutions.com\/wp-content\/uploads\/2019\/12\/cargadores-de-bajo-perfil.jpg"},{"@type":"BreadcrumbList","@id":"https:\/\/www.aycsolutions.com\/en\/underground-mining-equipment\/#breadcrumb","itemListElement":[{"@type":"ListItem","position":1,"name":"Home","item":"https:\/\/www.aycsolutions.com\/en\/"},{"@type":"ListItem","position":2,"name":"Underground Mining Equipment"}]},{"@type":"WebSite","@id":"https:\/\/www.aycsolutions.com\/en\/#website","url":"https:\/\/www.aycsolutions.com\/en\/","name":"AYC Solutions","description":"Siempre entendiendo las necesidades espec&iacute;ficas de los clientes","publisher":{"@id":"https:\/\/www.aycsolutions.com\/en\/#organization"},"potentialAction":[{"@type":"SearchAction","target":{"@type":"EntryPoint","urlTemplate":"https:\/\/www.aycsolutions.com\/en\/?s={search_term_string}"},"query-input":{"@type":"PropertyValueSpecification","valueRequired":true,"valueName":"search_term_string"}}],"inLanguage":"en-US"},{"@type":"Organization","@id":"https:\/\/www.aycsolutions.com\/en\/#organization","name":"AYC Solutions","url":"https:\/\/www.aycsolutions.com\/en\/","logo":{"@type":"ImageObject","inLanguage":"en-US","@id":"https:\/\/www.aycsolutions.com\/en\/#\/schema\/logo\/image\/","url":"https:\/\/www.aycsolutions.com\/wp-content\/uploads\/2019\/11\/LOGO.png","contentUrl":"https:\/\/www.aycsolutions.com\/wp-content\/uploads\/2019\/11\/LOGO.png","width":1332,"height":1332,"caption":"AYC Solutions"},"image":{"@id":"https:\/\/www.aycsolutions.com\/en\/#\/schema\/logo\/image\/"},"sameAs":["https:\/\/www.linkedin.com\/company\/ayc-solutions"]}]}},"_links":{"self":[{"href":"https:\/\/www.aycsolutions.com\/en\/wp-json\/wp\/v2\/pages\/2647","targetHints":{"allow":["GET"]}}],"collection":[{"href":"https:\/\/www.aycsolutions.com\/en\/wp-json\/wp\/v2\/pages"}],"about":[{"href":"https:\/\/www.aycsolutions.com\/en\/wp-json\/wp\/v2\/types\/page"}],"author":[{"embeddable":true,"href":"https:\/\/www.aycsolutions.com\/en\/wp-json\/wp\/v2\/users\/1"}],"replies":[{"embeddable":true,"href":"https:\/\/www.aycsolutions.com\/en\/wp-json\/wp\/v2\/comments?post=2647"}],"version-history":[{"count":4,"href":"https:\/\/www.aycsolutions.com\/en\/wp-json\/wp\/v2\/pages\/2647\/revisions"}],"predecessor-version":[{"id":3022,"href":"https:\/\/www.aycsolutions.com\/en\/wp-json\/wp\/v2\/pages\/2647\/revisions\/3022"}],"wp:attachment":[{"href":"https:\/\/www.aycsolutions.com\/en\/wp-json\/wp\/v2\/media?parent=2647"}],"curies":[{"name":"wp","href":"https:\/\/api.w.org\/{rel}","templated":true}]}}